{"id":302,"date":"2025-06-20T09:58:27","date_gmt":"2025-06-20T09:58:27","guid":{"rendered":"http:\/\/mersinosmanoglunakliyat.com\/?page_id=302"},"modified":"2025-06-23T12:46:11","modified_gmt":"2025-06-23T12:46:11","slug":"hakkimizda","status":"publish","type":"page","link":"https:\/\/mersinosmanoglunakliyat.com\/?page_id=302","title":{"rendered":"Hakk\u0131m\u0131zda"},"content":{"rendered":"\t\t<div data-elementor-type=\"wp-page\" data-elementor-id=\"302\" class=\"elementor elementor-302\">\n\t\t\t\t<div class=\"elementor-element elementor-element-15558bcf e-con-full e-flex e-con e-parent\" data-id=\"15558bcf\" data-element_type=\"container\" data-settings=\"{&quot;background_background&quot;:&quot;classic&quot;}\">\n\t\t\t\t<div class=\"elementor-element elementor-element-1e319e1a elementor-widget elementor-widget-heading\" data-id=\"1e319e1a\" data-element_type=\"widget\" data-widget_type=\"heading.default\">\n\t\t\t\t<div class=\"elementor-widget-container\">\n\t\t\t\t\t<h2 class=\"elementor-heading-title elementor-size-default\">\t\nHakk\u0131m\u0131zda\n<\/h2>\t\t\t\t<\/div>\n\t\t\t\t<\/div>\n\t\t\t\t<\/div>\n\t\t<div class=\"elementor-element elementor-element-8f1b59a e-flex e-con-boxed e-con e-parent\" data-id=\"8f1b59a\" data-element_type=\"container\">\n\t\t\t\t\t<div class=\"e-con-inner\">\n\t\t<div class=\"elementor-element elementor-element-2c98aa2 e-con-full e-flex e-con e-child\" data-id=\"2c98aa2\" data-element_type=\"container\">\n\t\t\t\t<div class=\"elementor-element elementor-element-95fa555 elementor-widget elementor-widget-image\" data-id=\"95fa555\" data-element_type=\"widget\" data-widget_type=\"image.default\">\n\t\t\t\t<div class=\"elementor-widget-container\">\n\t\t\t\t\t\t\t\t\t\t\t\t\t\t\t<img fetchpriority=\"high\" decoding=\"async\" width=\"376\" height=\"594\" src=\"https:\/\/mersinosmanoglunakliyat.com\/wp-content\/uploads\/2025\/06\/osflag.jpg\" class=\"attachment-large size-large wp-image-450\" alt=\"\" srcset=\"https:\/\/mersinosmanoglunakliyat.com\/wp-content\/uploads\/2025\/06\/osflag.jpg 376w, https:\/\/mersinosmanoglunakliyat.com\/wp-content\/uploads\/2025\/06\/osflag-190x300.jpg 190w\" sizes=\"(max-width: 376px) 100vw, 376px\" \/>\t\t\t\t\t\t\t\t\t\t\t\t\t\t\t<\/div>\n\t\t\t\t<\/div>\n\t\t\t\t<\/div>\n\t\t<div class=\"elementor-element elementor-element-76fb57d e-con-full e-flex e-con e-child\" data-id=\"76fb57d\" data-element_type=\"container\">\n\t\t\t\t<div class=\"elementor-element elementor-element-ded20b9 elementor-widget elementor-widget-text-editor\" data-id=\"ded20b9\" data-element_type=\"widget\" data-widget_type=\"text-editor.default\">\n\t\t\t\t<div class=\"elementor-widget-container\">\n\t\t\t\t\t\t\t\t\t<p>\u00a0<\/p><p>\u00a0<\/p><p>Osmano\u011flu Nakliyat 1988 y\u0131l\u0131nda Ramazan Tilki taraf\u0131nda kurulmu\u015f olup. Kurulu\u015fundan bu g\u00fcne dek ta\u015f\u0131ma sekt\u00f6r\u00fcnde aral\u0131ks\u0131z olarak hizmetlerimiz devam etmekte. Osmano\u011flu Nakliyat olarak amac\u0131m\u0131z \u00e7al\u0131\u015fm\u0131\u015f oldu\u011fumuz firmalar\u0131n \u015fehir i\u00e7i ve \u015fehirler aras\u0131 ta\u015f\u0131mac\u0131l\u0131kta kaliteli hizmet vermektir.<\/p><p>Osmano\u011flu Nakliyat k\u0131sa ve uzun mesafelerdeki nakliyatta m\u00fc\u015fteri odakl\u0131 hizmet anlay\u0131\u015f\u0131 ile en b\u00fcy\u00fck yat\u0131r\u0131m\u0131 m\u00fc\u015fterilerine yapm\u0131\u015ft\u0131r. Kendimizi m\u00fc\u015fterilerimizin yerine koyarak gereksinimleri \u00f6nceden belirler ve sorunlar kar\u015f\u0131s\u0131nda h\u0131zl\u0131 ve pratik \u00e7\u00f6z\u00fcmler sa\u011flar\u0131z.<\/p><p>Osmano\u011flu Nakliyat, m\u00fc\u015fterilerine en iyi hizmeti verebilmek i\u00e7in, ta\u015f\u0131mac\u0131l\u0131k konusunda e\u011fitimli uzman kadrosu ve geni\u015f ara\u00e7 filosu ile m\u00fc\u015fterilerinin beklenti ve ihtiya\u00e7lar\u0131na ungun \u00e7\u00f6z\u00fcmler sunar.<\/p><p>Osmano\u011flu Nakliyat olarak m\u00fc\u015fterilerimizin her biri bizim i\u00e7in ayr\u0131 ayr\u0131 de\u011ferde oldu\u011fu kardar, ta\u015f\u0131nacak y\u00fckleride bizim i\u00e7in \u00f6nemlidir. \u00c7al\u0131\u015fanlar\u0131m\u0131za, ortaklar\u0131m\u0131za, m\u00fc\u015fterilerimize davran\u0131\u015flar\u0131m\u0131zda; kar\u015f\u0131l\u0131kl\u0131 sayg\u0131, itibar ve d\u00fcr\u00fcstl\u00fck temel ilkemizdir.<\/p>\t\t\t\t\t\t\t\t<\/div>\n\t\t\t\t<\/div>\n\t\t\t\t<\/div>\n\t\t\t\t\t<\/div>\n\t\t\t\t<\/div>\n\t\t\t\t<\/div>\n\t\t","protected":false},"excerpt":{"rendered":"<p>Hakk\u0131m\u0131zda \u00a0 \u00a0 Osmano\u011flu Nakliyat 1988 y\u0131l\u0131nda Ramazan Tilki taraf\u0131nda kurulmu\u015f olup. Kurulu\u015fundan bu g\u00fcne dek ta\u015f\u0131ma sekt\u00f6r\u00fcnde aral\u0131ks\u0131z olarak hizmetlerimiz devam etmekte. Osmano\u011flu Nakliyat olarak amac\u0131m\u0131z \u00e7al\u0131\u015fm\u0131\u015f oldu\u011fumuz firmalar\u0131n \u015fehir i\u00e7i ve \u015fehirler aras\u0131 ta\u015f\u0131mac\u0131l\u0131kta kaliteli hizmet vermektir. Osmano\u011flu Nakliyat k\u0131sa ve uzun mesafelerdeki nakliyatta m\u00fc\u015fteri odakl\u0131 hizmet anlay\u0131\u015f\u0131 ile en b\u00fcy\u00fck yat\u0131r\u0131m\u0131 m\u00fc\u015fterilerine [&hellip;]<\/p>\n","protected":false},"author":1,"featured_media":0,"parent":0,"menu_order":0,"comment_status":"closed","ping_status":"closed","template":"elementor_header_footer","meta":{"footnotes":""},"class_list":["post-302","page","type-page","status-publish","hentry"],"_links":{"self":[{"href":"https:\/\/mersinosmanoglunakliyat.com\/index.php?rest_route=\/wp\/v2\/pages\/302","targetHints":{"allow":["GET"]}}],"collection":[{"href":"https:\/\/mersinosmanoglunakliyat.com\/index.php?rest_route=\/wp\/v2\/pages"}],"about":[{"href":"https:\/\/mersinosmanoglunakliyat.com\/index.php?rest_route=\/wp\/v2\/types\/page"}],"author":[{"embeddable":true,"href":"https:\/\/mersinosmanoglunakliyat.com\/index.php?rest_route=\/wp\/v2\/users\/1"}],"replies":[{"embeddable":true,"href":"https:\/\/mersinosmanoglunakliyat.com\/index.php?rest_route=%2Fwp%2Fv2%2Fcomments&post=302"}],"version-history":[{"count":25,"href":"https:\/\/mersinosmanoglunakliyat.com\/index.php?rest_route=\/wp\/v2\/pages\/302\/revisions"}],"predecessor-version":[{"id":453,"href":"https:\/\/mersinosmanoglunakliyat.com\/index.php?rest_route=\/wp\/v2\/pages\/302\/revisions\/453"}],"wp:attachment":[{"href":"https:\/\/mersinosmanoglunakliyat.com\/index.php?rest_route=%2Fwp%2Fv2%2Fmedia&parent=302"}],"curies":[{"name":"wp","href":"https:\/\/api.w.org\/{rel}","templated":true}]}}