{"id":330,"date":"2025-06-20T11:12:35","date_gmt":"2025-06-20T11:12:35","guid":{"rendered":"http:\/\/mersinosmanoglunakliyat.com\/?page_id=330"},"modified":"2025-06-23T12:36:52","modified_gmt":"2025-06-23T12:36:52","slug":"konteyner-tasimaciligi","status":"publish","type":"page","link":"https:\/\/mersinosmanoglunakliyat.com\/?page_id=330","title":{"rendered":"Konteyner Ta\u015f\u0131mac\u0131l\u0131\u011f\u0131"},"content":{"rendered":"\t\t<div data-elementor-type=\"wp-page\" data-elementor-id=\"330\" class=\"elementor elementor-330\">\n\t\t\t\t<div class=\"elementor-element elementor-element-5fa8897d e-con-full e-flex e-con e-parent\" data-id=\"5fa8897d\" data-element_type=\"container\" data-settings=\"{&quot;background_background&quot;:&quot;classic&quot;}\">\n\t\t\t\t<div class=\"elementor-element elementor-element-651a5a80 elementor-widget elementor-widget-heading\" data-id=\"651a5a80\" data-element_type=\"widget\" data-widget_type=\"heading.default\">\n\t\t\t\t<div class=\"elementor-widget-container\">\n\t\t\t\t\t<h2 class=\"elementor-heading-title elementor-size-default\">\t\nKonteyner Ta\u015f\u0131mac\u0131l\u0131\u011f\u0131\n<\/h2>\t\t\t\t<\/div>\n\t\t\t\t<\/div>\n\t\t\t\t<\/div>\n\t\t<div class=\"elementor-element elementor-element-cb1de69 e-flex e-con-boxed e-con e-parent\" data-id=\"cb1de69\" data-element_type=\"container\">\n\t\t\t\t\t<div class=\"e-con-inner\">\n\t\t<div class=\"elementor-element elementor-element-0ddb685 e-con-full e-flex e-con e-child\" data-id=\"0ddb685\" data-element_type=\"container\">\n\t\t\t\t<div class=\"elementor-element elementor-element-2c55718 elementor-widget elementor-widget-image\" data-id=\"2c55718\" data-element_type=\"widget\" data-widget_type=\"image.default\">\n\t\t\t\t<div class=\"elementor-widget-container\">\n\t\t\t\t\t\t\t\t\t\t\t\t\t\t\t<img fetchpriority=\"high\" decoding=\"async\" width=\"800\" height=\"419\" src=\"https:\/\/mersinosmanoglunakliyat.com\/wp-content\/uploads\/2025\/06\/mersin_liman-1024x536.jpg\" class=\"attachment-large size-large wp-image-433\" alt=\"\" srcset=\"https:\/\/mersinosmanoglunakliyat.com\/wp-content\/uploads\/2025\/06\/mersin_liman-1024x536.jpg 1024w, https:\/\/mersinosmanoglunakliyat.com\/wp-content\/uploads\/2025\/06\/mersin_liman-300x157.jpg 300w, https:\/\/mersinosmanoglunakliyat.com\/wp-content\/uploads\/2025\/06\/mersin_liman-768x402.jpg 768w, https:\/\/mersinosmanoglunakliyat.com\/wp-content\/uploads\/2025\/06\/mersin_liman.jpg 1199w\" sizes=\"(max-width: 800px) 100vw, 800px\" \/>\t\t\t\t\t\t\t\t\t\t\t\t\t\t\t<\/div>\n\t\t\t\t<\/div>\n\t\t\t\t<\/div>\n\t\t<div class=\"elementor-element elementor-element-9a8fa27 e-con-full e-flex e-con e-child\" data-id=\"9a8fa27\" data-element_type=\"container\">\n\t\t\t\t<div class=\"elementor-element elementor-element-2b896fc elementor-widget elementor-widget-text-editor\" data-id=\"2b896fc\" data-element_type=\"widget\" data-widget_type=\"text-editor.default\">\n\t\t\t\t<div class=\"elementor-widget-container\">\n\t\t\t\t\t\t\t\t\t<p>Mersin liman\u0131na gelen ve giden gemilerdeki konteyn\u0131rler\u0131n kara ta\u015f\u0131mac\u0131l\u0131\u011f\u0131, mersin liman nakliye hizmeti yo\u011fun bir \u015fekilde devam etmekte.<\/p><p>Mersin Osmano\u011flu Nakliyat olarak konteyn\u0131rlardaki, \u00e7e\u015fitli y\u00fckleri g\u00fcvenli bir \u015fekilde ta\u015f\u0131ma hizmeti vermekteyiz.<\/p><p>Limanlar arac\u0131l\u0131\u011f\u0131yla d\u00fcnya genelinde mersin&#8217;e gelen veya giden y\u00fckleri yak\u0131n ve uzak mesafelere firmam\u0131z h\u0131zl\u0131 ve verimli bir \u015fekilde ger\u00e7ekle\u015ftirmekte.<\/p>\t\t\t\t\t\t\t\t<\/div>\n\t\t\t\t<\/div>\n\t\t\t\t<\/div>\n\t\t\t\t\t<\/div>\n\t\t\t\t<\/div>\n\t\t\t\t<\/div>\n\t\t","protected":false},"excerpt":{"rendered":"<p>Konteyner Ta\u015f\u0131mac\u0131l\u0131\u011f\u0131 Mersin liman\u0131na gelen ve giden gemilerdeki konteyn\u0131rler\u0131n kara ta\u015f\u0131mac\u0131l\u0131\u011f\u0131, mersin liman nakliye hizmeti yo\u011fun bir \u015fekilde devam etmekte. Mersin Osmano\u011flu Nakliyat olarak konteyn\u0131rlardaki, \u00e7e\u015fitli y\u00fckleri g\u00fcvenli bir \u015fekilde ta\u015f\u0131ma hizmeti vermekteyiz. Limanlar arac\u0131l\u0131\u011f\u0131yla d\u00fcnya genelinde mersin&#8217;e gelen veya giden y\u00fckleri yak\u0131n ve uzak mesafelere firmam\u0131z h\u0131zl\u0131 ve verimli bir \u015fekilde ger\u00e7ekle\u015ftirmekte.<\/p>\n","protected":false},"author":1,"featured_media":0,"parent":0,"menu_order":0,"comment_status":"closed","ping_status":"closed","template":"elementor_header_footer","meta":{"footnotes":""},"class_list":["post-330","page","type-page","status-publish","hentry"],"_links":{"self":[{"href":"https:\/\/mersinosmanoglunakliyat.com\/index.php?rest_route=\/wp\/v2\/pages\/330","targetHints":{"allow":["GET"]}}],"collection":[{"href":"https:\/\/mersinosmanoglunakliyat.com\/index.php?rest_route=\/wp\/v2\/pages"}],"about":[{"href":"https:\/\/mersinosmanoglunakliyat.com\/index.php?rest_route=\/wp\/v2\/types\/page"}],"author":[{"embeddable":true,"href":"https:\/\/mersinosmanoglunakliyat.com\/index.php?rest_route=\/wp\/v2\/users\/1"}],"replies":[{"embeddable":true,"href":"https:\/\/mersinosmanoglunakliyat.com\/index.php?rest_route=%2Fwp%2Fv2%2Fcomments&post=330"}],"version-history":[{"count":31,"href":"https:\/\/mersinosmanoglunakliyat.com\/index.php?rest_route=\/wp\/v2\/pages\/330\/revisions"}],"predecessor-version":[{"id":436,"href":"https:\/\/mersinosmanoglunakliyat.com\/index.php?rest_route=\/wp\/v2\/pages\/330\/revisions\/436"}],"wp:attachment":[{"href":"https:\/\/mersinosmanoglunakliyat.com\/index.php?rest_route=%2Fwp%2Fv2%2Fmedia&parent=330"}],"curies":[{"name":"wp","href":"https:\/\/api.w.org\/{rel}","templated":true}]}}