{"id":490,"date":"2025-06-24T13:13:46","date_gmt":"2025-06-24T13:13:46","guid":{"rendered":"https:\/\/mersinosmanoglunakliyat.com\/?page_id=490"},"modified":"2025-06-24T13:42:33","modified_gmt":"2025-06-24T13:42:33","slug":"proje-yuk-tsimaciligi","status":"publish","type":"page","link":"https:\/\/mersinosmanoglunakliyat.com\/?page_id=490","title":{"rendered":"Proje Y\u00fck T\u015f\u0131mac\u0131l\u0131\u011f\u0131"},"content":{"rendered":"\t\t<div data-elementor-type=\"wp-page\" data-elementor-id=\"490\" class=\"elementor elementor-490\">\n\t\t\t\t<div class=\"elementor-element elementor-element-7eee2049 e-con-full e-flex e-con e-parent\" data-id=\"7eee2049\" data-element_type=\"container\" data-settings=\"{&quot;background_background&quot;:&quot;classic&quot;}\">\n\t\t\t\t<div class=\"elementor-element elementor-element-728e88fc elementor-widget elementor-widget-heading\" data-id=\"728e88fc\" data-element_type=\"widget\" data-widget_type=\"heading.default\">\n\t\t\t\t<div class=\"elementor-widget-container\">\n\t\t\t\t\t<h2 class=\"elementor-heading-title elementor-size-default\">\t\nProje Y\u00fck Ta\u015f\u0131mac\u0131l\u0131\u011f\u0131\n<\/h2>\t\t\t\t<\/div>\n\t\t\t\t<\/div>\n\t\t\t\t<\/div>\n\t\t<div class=\"elementor-element elementor-element-69d9c597 e-flex e-con-boxed e-con e-parent\" data-id=\"69d9c597\" data-element_type=\"container\">\n\t\t\t\t\t<div class=\"e-con-inner\">\n\t\t<div class=\"elementor-element elementor-element-7abf926d e-con-full e-flex e-con e-child\" data-id=\"7abf926d\" data-element_type=\"container\">\n\t\t\t\t<div class=\"elementor-element elementor-element-4acd8d5 elementor-widget elementor-widget-image\" data-id=\"4acd8d5\" data-element_type=\"widget\" data-widget_type=\"image.default\">\n\t\t\t\t<div class=\"elementor-widget-container\">\n\t\t\t\t\t\t\t\t\t\t\t\t\t\t\t<img fetchpriority=\"high\" decoding=\"async\" width=\"800\" height=\"535\" src=\"https:\/\/mersinosmanoglunakliyat.com\/wp-content\/uploads\/2025\/06\/proje2-1024x685.jpg\" class=\"attachment-large size-large wp-image-501\" alt=\"\" srcset=\"https:\/\/mersinosmanoglunakliyat.com\/wp-content\/uploads\/2025\/06\/proje2-1024x685.jpg 1024w, https:\/\/mersinosmanoglunakliyat.com\/wp-content\/uploads\/2025\/06\/proje2-300x201.jpg 300w, https:\/\/mersinosmanoglunakliyat.com\/wp-content\/uploads\/2025\/06\/proje2-768x514.jpg 768w, https:\/\/mersinosmanoglunakliyat.com\/wp-content\/uploads\/2025\/06\/proje2.jpg 1076w\" sizes=\"(max-width: 800px) 100vw, 800px\" \/>\t\t\t\t\t\t\t\t\t\t\t\t\t\t\t<\/div>\n\t\t\t\t<\/div>\n\t\t\t\t<\/div>\n\t\t<div class=\"elementor-element elementor-element-1bdcc8b3 e-con-full e-flex e-con e-child\" data-id=\"1bdcc8b3\" data-element_type=\"container\">\n\t\t\t\t<div class=\"elementor-element elementor-element-6420390c elementor-widget elementor-widget-text-editor\" data-id=\"6420390c\" data-element_type=\"widget\" data-widget_type=\"text-editor.default\">\n\t\t\t\t<div class=\"elementor-widget-container\">\n\t\t\t\t\t\t\t\t\t<p>B\u00fcy\u00fck \u00f6l\u00e7ekli, a\u011f\u0131r veya hassas t\u00fcrdeki standart d\u0131\u015f\u0131 y\u00fcklerin ta\u015f\u0131nmas\u0131nda, bu alanda uzmanla\u015fm\u0131\u015f profesyonellerle fark yarat\u0131yoruz. B\u00fcy\u00fck ebatlarda a\u011f\u0131r y\u00fckler ger\u00e7ekle\u015ftirdi\u011fimiz kara yoluyla ta\u015f\u0131malarda bir\u00e7ok farkl\u0131 sekt\u00f6re hizmet verebiliyoruz.<\/p><p>Ta\u015f\u0131man\u0131n yap\u0131laca\u011f\u0131 g\u00fczerg\u00e2hlar\u0131n planlanmas\u0131yla y\u00fckleriniz zaman\u0131nda ve g\u00fcvenli teslimat ger\u00e7ekle\u015ftiriyoruz.<\/p>\t\t\t\t\t\t\t\t<\/div>\n\t\t\t\t<\/div>\n\t\t\t\t<\/div>\n\t\t\t\t\t<\/div>\n\t\t\t\t<\/div>\n\t\t\t\t<\/div>\n\t\t","protected":false},"excerpt":{"rendered":"<p>Proje Y\u00fck Ta\u015f\u0131mac\u0131l\u0131\u011f\u0131 B\u00fcy\u00fck \u00f6l\u00e7ekli, a\u011f\u0131r veya hassas t\u00fcrdeki standart d\u0131\u015f\u0131 y\u00fcklerin ta\u015f\u0131nmas\u0131nda, bu alanda uzmanla\u015fm\u0131\u015f profesyonellerle fark yarat\u0131yoruz. B\u00fcy\u00fck ebatlarda a\u011f\u0131r y\u00fckler ger\u00e7ekle\u015ftirdi\u011fimiz kara yoluyla ta\u015f\u0131malarda bir\u00e7ok farkl\u0131 sekt\u00f6re hizmet verebiliyoruz. Ta\u015f\u0131man\u0131n yap\u0131laca\u011f\u0131 g\u00fczerg\u00e2hlar\u0131n planlanmas\u0131yla y\u00fckleriniz zaman\u0131nda ve g\u00fcvenli teslimat ger\u00e7ekle\u015ftiriyoruz.<\/p>\n","protected":false},"author":1,"featured_media":0,"parent":0,"menu_order":0,"comment_status":"closed","ping_status":"closed","template":"elementor_header_footer","meta":{"footnotes":""},"class_list":["post-490","page","type-page","status-publish","hentry"],"_links":{"self":[{"href":"https:\/\/mersinosmanoglunakliyat.com\/index.php?rest_route=\/wp\/v2\/pages\/490","targetHints":{"allow":["GET"]}}],"collection":[{"href":"https:\/\/mersinosmanoglunakliyat.com\/index.php?rest_route=\/wp\/v2\/pages"}],"about":[{"href":"https:\/\/mersinosmanoglunakliyat.com\/index.php?rest_route=\/wp\/v2\/types\/page"}],"author":[{"embeddable":true,"href":"https:\/\/mersinosmanoglunakliyat.com\/index.php?rest_route=\/wp\/v2\/users\/1"}],"replies":[{"embeddable":true,"href":"https:\/\/mersinosmanoglunakliyat.com\/index.php?rest_route=%2Fwp%2Fv2%2Fcomments&post=490"}],"version-history":[{"count":10,"href":"https:\/\/mersinosmanoglunakliyat.com\/index.php?rest_route=\/wp\/v2\/pages\/490\/revisions"}],"predecessor-version":[{"id":504,"href":"https:\/\/mersinosmanoglunakliyat.com\/index.php?rest_route=\/wp\/v2\/pages\/490\/revisions\/504"}],"wp:attachment":[{"href":"https:\/\/mersinosmanoglunakliyat.com\/index.php?rest_route=%2Fwp%2Fv2%2Fmedia&parent=490"}],"curies":[{"name":"wp","href":"https:\/\/api.w.org\/{rel}","templated":true}]}}