{"id":64,"date":"2025-06-12T07:20:41","date_gmt":"2025-06-12T07:20:41","guid":{"rendered":"http:\/\/mersinosmanoglunakliyat.com\/?page_id=64"},"modified":"2025-07-09T10:14:00","modified_gmt":"2025-07-09T10:14:00","slug":"anasayfa","status":"publish","type":"page","link":"https:\/\/mersinosmanoglunakliyat.com\/","title":{"rendered":"Anasayfa"},"content":{"rendered":"\t\t<div data-elementor-type=\"wp-page\" data-elementor-id=\"64\" class=\"elementor elementor-64\">\n\t\t\t\t<div class=\"elementor-element elementor-element-d082f29 e-con-full e-flex e-con e-parent\" data-id=\"d082f29\" data-element_type=\"container\">\n\t\t\t\t<div class=\"elementor-element elementor-element-3da10f69 elementor-arrows-position-inside elementor-widget elementor-widget-image-carousel\" data-id=\"3da10f69\" data-element_type=\"widget\" data-settings=\"{&quot;slides_to_show&quot;:&quot;1&quot;,&quot;navigation&quot;:&quot;arrows&quot;,&quot;autoplay&quot;:&quot;yes&quot;,&quot;pause_on_hover&quot;:&quot;yes&quot;,&quot;pause_on_interaction&quot;:&quot;yes&quot;,&quot;autoplay_speed&quot;:5000,&quot;infinite&quot;:&quot;yes&quot;,&quot;effect&quot;:&quot;slide&quot;,&quot;speed&quot;:500}\" data-widget_type=\"image-carousel.default\">\n\t\t\t\t<div class=\"elementor-widget-container\">\n\t\t\t\t\t\t\t<div class=\"elementor-image-carousel-wrapper swiper\" role=\"region\" aria-roledescription=\"carousel\" aria-label=\"Resim D\u00f6ng\u00fcs\u00fc\" dir=\"ltr\">\n\t\t\t<div class=\"elementor-image-carousel swiper-wrapper swiper-image-stretch\" aria-live=\"off\">\n\t\t\t\t\t\t\t\t<div class=\"swiper-slide\" role=\"group\" aria-roledescription=\"slide\" aria-label=\"1 \/ 6\"><figure class=\"swiper-slide-inner\"><img decoding=\"async\" class=\"swiper-slide-image\" src=\"https:\/\/mersinosmanoglunakliyat.com\/wp-content\/uploads\/2025\/06\/osmn-02.jpg\" alt=\"Aerial view of container cargo ship in sea.\" \/><\/figure><\/div><div class=\"swiper-slide\" role=\"group\" aria-roledescription=\"slide\" aria-label=\"2 \/ 6\"><figure class=\"swiper-slide-inner\"><img decoding=\"async\" class=\"swiper-slide-image\" src=\"https:\/\/mersinosmanoglunakliyat.com\/wp-content\/uploads\/2025\/06\/osmn-01.jpg\" alt=\"Aerial view of container cargo ship in sea.\" \/><\/figure><\/div><div class=\"swiper-slide\" role=\"group\" aria-roledescription=\"slide\" aria-label=\"3 \/ 6\"><figure class=\"swiper-slide-inner\"><img decoding=\"async\" class=\"swiper-slide-image\" src=\"https:\/\/mersinosmanoglunakliyat.com\/wp-content\/uploads\/2025\/06\/osmn-03.jpg\" alt=\"Aerial view of container cargo ship in sea.\" \/><\/figure><\/div><div class=\"swiper-slide\" role=\"group\" aria-roledescription=\"slide\" aria-label=\"4 \/ 6\"><figure class=\"swiper-slide-inner\"><img decoding=\"async\" class=\"swiper-slide-image\" src=\"https:\/\/mersinosmanoglunakliyat.com\/wp-content\/uploads\/2025\/06\/osmn-05.jpg\" alt=\"Aerial view of container cargo ship in sea.\" \/><\/figure><\/div><div class=\"swiper-slide\" role=\"group\" aria-roledescription=\"slide\" aria-label=\"5 \/ 6\"><figure class=\"swiper-slide-inner\"><img decoding=\"async\" class=\"swiper-slide-image\" src=\"https:\/\/mersinosmanoglunakliyat.com\/wp-content\/uploads\/2025\/06\/osmn-04.jpg\" alt=\"Aerial view of container cargo ship in sea.\" \/><\/figure><\/div><div class=\"swiper-slide\" role=\"group\" aria-roledescription=\"slide\" aria-label=\"6 \/ 6\"><figure class=\"swiper-slide-inner\"><img decoding=\"async\" class=\"swiper-slide-image\" src=\"https:\/\/mersinosmanoglunakliyat.com\/wp-content\/uploads\/2025\/06\/osmn-06.jpg\" alt=\"Aerial view of container cargo ship in sea.\" \/><\/figure><\/div>\t\t\t<\/div>\n\t\t\t\t\t\t\t\t\t\t\t\t<div class=\"elementor-swiper-button elementor-swiper-button-prev\" role=\"button\" tabindex=\"0\">\n\t\t\t\t\t\t<svg aria-hidden=\"true\" class=\"e-font-icon-svg e-eicon-chevron-left\" viewBox=\"0 0 1000 1000\" xmlns=\"http:\/\/www.w3.org\/2000\/svg\"><path d=\"M646 125C629 125 613 133 604 142L308 442C296 454 292 471 292 487 292 504 296 521 308 533L604 854C617 867 629 875 646 875 663 875 679 871 692 858 704 846 713 829 713 812 713 796 708 779 692 767L438 487 692 225C700 217 708 204 708 187 708 171 704 154 692 142 675 129 663 125 646 125Z\"><\/path><\/svg>\t\t\t\t\t<\/div>\n\t\t\t\t\t<div class=\"elementor-swiper-button elementor-swiper-button-next\" role=\"button\" tabindex=\"0\">\n\t\t\t\t\t\t<svg aria-hidden=\"true\" class=\"e-font-icon-svg e-eicon-chevron-right\" viewBox=\"0 0 1000 1000\" xmlns=\"http:\/\/www.w3.org\/2000\/svg\"><path d=\"M696 533C708 521 713 504 713 487 713 471 708 454 696 446L400 146C388 133 375 125 354 125 338 125 325 129 313 142 300 154 292 171 292 187 292 204 296 221 308 233L563 492 304 771C292 783 288 800 288 817 288 833 296 850 308 863 321 871 338 875 354 875 371 875 388 867 400 854L696 533Z\"><\/path><\/svg>\t\t\t\t\t<\/div>\n\t\t\t\t\n\t\t\t\t\t\t\t\t\t<\/div>\n\t\t\t\t\t\t<\/div>\n\t\t\t\t<\/div>\n\t\t\t\t<\/div>\n\t\t<div class=\"elementor-element elementor-element-768ff3fe elementor-hidden-mobile e-flex e-con-boxed e-con e-parent\" data-id=\"768ff3fe\" data-element_type=\"container\">\n\t\t\t\t\t<div class=\"e-con-inner\">\n\t\t<div class=\"elementor-element elementor-element-728b7e3a e-con-full e-flex e-con e-child\" data-id=\"728b7e3a\" data-element_type=\"container\">\n\t\t\t\t<div class=\"elementor-element elementor-element-20a76ff3 elementor-widget elementor-widget-image\" data-id=\"20a76ff3\" data-element_type=\"widget\" data-widget_type=\"image.default\">\n\t\t\t\t<div class=\"elementor-widget-container\">\n\t\t\t\t\t\t\t\t\t\t\t\t\t\t\t\t<a href=\"https:\/\/mersinosmanoglunakliyat.com\/?page_id=330\">\n\t\t\t\t\t\t\t<img fetchpriority=\"high\" decoding=\"async\" width=\"223\" height=\"310\" src=\"https:\/\/mersinosmanoglunakliyat.com\/wp-content\/uploads\/2025\/06\/Os_01.png\" class=\"elementor-animation-shrink attachment-large size-large wp-image-414\" alt=\"\" srcset=\"https:\/\/mersinosmanoglunakliyat.com\/wp-content\/uploads\/2025\/06\/Os_01.png 223w, https:\/\/mersinosmanoglunakliyat.com\/wp-content\/uploads\/2025\/06\/Os_01-216x300.png 216w\" sizes=\"(max-width: 223px) 100vw, 223px\" \/>\t\t\t\t\t\t\t\t<\/a>\n\t\t\t\t\t\t\t\t\t\t\t\t\t\t\t<\/div>\n\t\t\t\t<\/div>\n\t\t\t\t<\/div>\n\t\t<div class=\"elementor-element elementor-element-5bd90d07 e-con-full e-flex e-con e-child\" data-id=\"5bd90d07\" data-element_type=\"container\">\n\t\t\t\t<div class=\"elementor-element elementor-element-2663e704 elementor-widget elementor-widget-image\" data-id=\"2663e704\" data-element_type=\"widget\" data-widget_type=\"image.default\">\n\t\t\t\t<div class=\"elementor-widget-container\">\n\t\t\t\t\t\t\t\t\t\t\t\t\t\t\t\t<a href=\"https:\/\/mersinosmanoglunakliyat.com\/?page_id=379\">\n\t\t\t\t\t\t\t<img decoding=\"async\" width=\"223\" height=\"310\" src=\"https:\/\/mersinosmanoglunakliyat.com\/wp-content\/uploads\/2025\/06\/Os_02.png\" class=\"elementor-animation-shrink attachment-large size-large wp-image-415\" alt=\"\" srcset=\"https:\/\/mersinosmanoglunakliyat.com\/wp-content\/uploads\/2025\/06\/Os_02.png 223w, https:\/\/mersinosmanoglunakliyat.com\/wp-content\/uploads\/2025\/06\/Os_02-216x300.png 216w\" sizes=\"(max-width: 223px) 100vw, 223px\" \/>\t\t\t\t\t\t\t\t<\/a>\n\t\t\t\t\t\t\t\t\t\t\t\t\t\t\t<\/div>\n\t\t\t\t<\/div>\n\t\t\t\t<\/div>\n\t\t<div class=\"elementor-element elementor-element-12b084b1 e-con-full e-flex e-con e-child\" data-id=\"12b084b1\" data-element_type=\"container\">\n\t\t\t\t<div class=\"elementor-element elementor-element-1283cb4f elementor-widget elementor-widget-image\" data-id=\"1283cb4f\" data-element_type=\"widget\" data-widget_type=\"image.default\">\n\t\t\t\t<div class=\"elementor-widget-container\">\n\t\t\t\t\t\t\t\t\t\t\t\t\t\t\t\t<a href=\"https:\/\/mersinosmanoglunakliyat.com\/?page_id=490\">\n\t\t\t\t\t\t\t<img decoding=\"async\" width=\"223\" height=\"310\" src=\"https:\/\/mersinosmanoglunakliyat.com\/wp-content\/uploads\/2025\/06\/Os_03.png\" class=\"elementor-animation-shrink attachment-large size-large wp-image-416\" alt=\"\" srcset=\"https:\/\/mersinosmanoglunakliyat.com\/wp-content\/uploads\/2025\/06\/Os_03.png 223w, https:\/\/mersinosmanoglunakliyat.com\/wp-content\/uploads\/2025\/06\/Os_03-216x300.png 216w\" sizes=\"(max-width: 223px) 100vw, 223px\" \/>\t\t\t\t\t\t\t\t<\/a>\n\t\t\t\t\t\t\t\t\t\t\t\t\t\t\t<\/div>\n\t\t\t\t<\/div>\n\t\t\t\t<\/div>\n\t\t<div class=\"elementor-element elementor-element-667ac285 e-con-full e-flex e-con e-child\" data-id=\"667ac285\" data-element_type=\"container\">\n\t\t\t\t<div class=\"elementor-element elementor-element-74da4833 elementor-widget elementor-widget-image\" data-id=\"74da4833\" data-element_type=\"widget\" data-widget_type=\"image.default\">\n\t\t\t\t<div class=\"elementor-widget-container\">\n\t\t\t\t\t\t\t\t\t\t\t\t\t\t\t\t<a href=\"https:\/\/mersinosmanoglunakliyat.com\/?page_id=515\">\n\t\t\t\t\t\t\t<img loading=\"lazy\" decoding=\"async\" width=\"223\" height=\"310\" src=\"https:\/\/mersinosmanoglunakliyat.com\/wp-content\/uploads\/2025\/06\/Os_04.png\" class=\"elementor-animation-shrink attachment-large size-large wp-image-417\" alt=\"\" srcset=\"https:\/\/mersinosmanoglunakliyat.com\/wp-content\/uploads\/2025\/06\/Os_04.png 223w, https:\/\/mersinosmanoglunakliyat.com\/wp-content\/uploads\/2025\/06\/Os_04-216x300.png 216w\" sizes=\"(max-width: 223px) 100vw, 223px\" \/>\t\t\t\t\t\t\t\t<\/a>\n\t\t\t\t\t\t\t\t\t\t\t\t\t\t\t<\/div>\n\t\t\t\t<\/div>\n\t\t\t\t<\/div>\n\t\t\t\t\t<\/div>\n\t\t\t\t<\/div>\n\t\t<div class=\"elementor-element elementor-element-46555ed6 elementor-hidden-desktop elementor-hidden-tablet e-flex e-con-boxed e-con e-parent\" data-id=\"46555ed6\" data-element_type=\"container\">\n\t\t\t\t\t<div class=\"e-con-inner\">\n\t\t<div class=\"elementor-element elementor-element-47c56a92 e-con-full e-flex e-con e-child\" data-id=\"47c56a92\" data-element_type=\"container\">\n\t\t\t\t<div class=\"elementor-element elementor-element-7a0bd116 elementor-widget elementor-widget-image\" data-id=\"7a0bd116\" data-element_type=\"widget\" data-widget_type=\"image.default\">\n\t\t\t\t<div class=\"elementor-widget-container\">\n\t\t\t\t\t\t\t\t\t\t\t\t\t\t\t\t<a href=\"https:\/\/mersinosmanoglunakliyat.com\/?page_id=330\">\n\t\t\t\t\t\t\t<img fetchpriority=\"high\" decoding=\"async\" width=\"223\" height=\"310\" src=\"https:\/\/mersinosmanoglunakliyat.com\/wp-content\/uploads\/2025\/06\/Os_01.png\" class=\"elementor-animation-shrink attachment-large size-large wp-image-414\" alt=\"\" srcset=\"https:\/\/mersinosmanoglunakliyat.com\/wp-content\/uploads\/2025\/06\/Os_01.png 223w, https:\/\/mersinosmanoglunakliyat.com\/wp-content\/uploads\/2025\/06\/Os_01-216x300.png 216w\" sizes=\"(max-width: 223px) 100vw, 223px\" \/>\t\t\t\t\t\t\t\t<\/a>\n\t\t\t\t\t\t\t\t\t\t\t\t\t\t\t<\/div>\n\t\t\t\t<\/div>\n\t\t\t\t<\/div>\n\t\t<div class=\"elementor-element elementor-element-4ae572e e-con-full e-flex e-con e-child\" data-id=\"4ae572e\" data-element_type=\"container\">\n\t\t\t\t<div class=\"elementor-element elementor-element-7e2ccc1 elementor-widget elementor-widget-image\" data-id=\"7e2ccc1\" data-element_type=\"widget\" data-widget_type=\"image.default\">\n\t\t\t\t<div class=\"elementor-widget-container\">\n\t\t\t\t\t\t\t\t\t\t\t\t\t\t\t\t<a href=\"https:\/\/mersinosmanoglunakliyat.com\/?page_id=379\">\n\t\t\t\t\t\t\t<img decoding=\"async\" width=\"223\" height=\"310\" src=\"https:\/\/mersinosmanoglunakliyat.com\/wp-content\/uploads\/2025\/06\/Os_02.png\" class=\"elementor-animation-shrink attachment-large size-large wp-image-415\" alt=\"\" srcset=\"https:\/\/mersinosmanoglunakliyat.com\/wp-content\/uploads\/2025\/06\/Os_02.png 223w, https:\/\/mersinosmanoglunakliyat.com\/wp-content\/uploads\/2025\/06\/Os_02-216x300.png 216w\" sizes=\"(max-width: 223px) 100vw, 223px\" \/>\t\t\t\t\t\t\t\t<\/a>\n\t\t\t\t\t\t\t\t\t\t\t\t\t\t\t<\/div>\n\t\t\t\t<\/div>\n\t\t\t\t<\/div>\n\t\t<div class=\"elementor-element elementor-element-4e7e72d6 e-con-full e-flex e-con e-child\" data-id=\"4e7e72d6\" data-element_type=\"container\">\n\t\t\t\t<div class=\"elementor-element elementor-element-3f9651df elementor-widget elementor-widget-image\" data-id=\"3f9651df\" data-element_type=\"widget\" data-widget_type=\"image.default\">\n\t\t\t\t<div class=\"elementor-widget-container\">\n\t\t\t\t\t\t\t\t\t\t\t\t\t\t\t\t<a href=\"https:\/\/mersinosmanoglunakliyat.com\/?page_id=490\">\n\t\t\t\t\t\t\t<img decoding=\"async\" width=\"223\" height=\"310\" src=\"https:\/\/mersinosmanoglunakliyat.com\/wp-content\/uploads\/2025\/06\/Os_03.png\" class=\"elementor-animation-shrink attachment-large size-large wp-image-416\" alt=\"\" srcset=\"https:\/\/mersinosmanoglunakliyat.com\/wp-content\/uploads\/2025\/06\/Os_03.png 223w, https:\/\/mersinosmanoglunakliyat.com\/wp-content\/uploads\/2025\/06\/Os_03-216x300.png 216w\" sizes=\"(max-width: 223px) 100vw, 223px\" \/>\t\t\t\t\t\t\t\t<\/a>\n\t\t\t\t\t\t\t\t\t\t\t\t\t\t\t<\/div>\n\t\t\t\t<\/div>\n\t\t\t\t<\/div>\n\t\t<div class=\"elementor-element elementor-element-76bf1b72 e-con-full e-flex e-con e-child\" data-id=\"76bf1b72\" data-element_type=\"container\">\n\t\t\t\t<div class=\"elementor-element elementor-element-3882b4cc elementor-widget elementor-widget-image\" data-id=\"3882b4cc\" data-element_type=\"widget\" data-widget_type=\"image.default\">\n\t\t\t\t<div class=\"elementor-widget-container\">\n\t\t\t\t\t\t\t\t\t\t\t\t\t\t\t\t<a href=\"https:\/\/mersinosmanoglunakliyat.com\/?page_id=515\">\n\t\t\t\t\t\t\t<img loading=\"lazy\" decoding=\"async\" width=\"223\" height=\"310\" src=\"https:\/\/mersinosmanoglunakliyat.com\/wp-content\/uploads\/2025\/06\/Os_04.png\" class=\"elementor-animation-shrink attachment-large size-large wp-image-417\" alt=\"\" srcset=\"https:\/\/mersinosmanoglunakliyat.com\/wp-content\/uploads\/2025\/06\/Os_04.png 223w, https:\/\/mersinosmanoglunakliyat.com\/wp-content\/uploads\/2025\/06\/Os_04-216x300.png 216w\" sizes=\"(max-width: 223px) 100vw, 223px\" \/>\t\t\t\t\t\t\t\t<\/a>\n\t\t\t\t\t\t\t\t\t\t\t\t\t\t\t<\/div>\n\t\t\t\t<\/div>\n\t\t\t\t<\/div>\n\t\t\t\t\t<\/div>\n\t\t\t\t<\/div>\n\t\t<div class=\"elementor-element elementor-element-73f510e2 e-flex e-con-boxed e-con e-parent\" data-id=\"73f510e2\" data-element_type=\"container\">\n\t\t\t\t\t<div class=\"e-con-inner\">\n\t\t<div class=\"elementor-element elementor-element-7f5fe15c e-con-full e-flex e-con e-child\" data-id=\"7f5fe15c\" data-element_type=\"container\">\n\t\t\t\t<div class=\"elementor-element elementor-element-5ec39791 elementor-widget elementor-widget-image\" data-id=\"5ec39791\" data-element_type=\"widget\" data-widget_type=\"image.default\">\n\t\t\t\t<div class=\"elementor-widget-container\">\n\t\t\t\t\t\t\t\t\t\t\t\t\t\t\t<img loading=\"lazy\" decoding=\"async\" width=\"626\" height=\"417\" src=\"https:\/\/mersinosmanoglunakliyat.com\/wp-content\/uploads\/2025\/06\/firm.jpg\" class=\"attachment-large size-large wp-image-409\" alt=\"\" srcset=\"https:\/\/mersinosmanoglunakliyat.com\/wp-content\/uploads\/2025\/06\/firm.jpg 626w, https:\/\/mersinosmanoglunakliyat.com\/wp-content\/uploads\/2025\/06\/firm-300x200.jpg 300w\" sizes=\"(max-width: 626px) 100vw, 626px\" \/>\t\t\t\t\t\t\t\t\t\t\t\t\t\t\t<\/div>\n\t\t\t\t<\/div>\n\t\t\t\t<\/div>\n\t\t<div class=\"elementor-element elementor-element-6c5357a7 e-con-full e-flex e-con e-child\" data-id=\"6c5357a7\" data-element_type=\"container\">\n\t\t\t\t<div class=\"elementor-element elementor-element-5e4f529c elementor-widget elementor-widget-text-editor\" data-id=\"5e4f529c\" data-element_type=\"widget\" data-widget_type=\"text-editor.default\">\n\t\t\t\t<div class=\"elementor-widget-container\">\n\t\t\t\t\t\t\t\t\t<p>Mersin Osmano\u011flu Nakliyat, m\u00fc\u015fterilerine iyi bir hizmet verebilmek i\u00e7in, ta\u015f\u0131mac\u0131l\u0131k sekt\u00f6r\u00fcnde e\u011fitimli uzman kadrosu ve geni\u015f ara\u00e7 filosuyla m\u00fc\u015fterilerinin ihtiyac\u0131na uygun \u00e7\u00f6z\u00fcmler sunar.<\/p>\t\t\t\t\t\t\t\t<\/div>\n\t\t\t\t<\/div>\n\t\t\t\t<\/div>\n\t\t\t\t\t<\/div>\n\t\t\t\t<\/div>\n\t\t<div class=\"elementor-element elementor-element-2efa75a6 e-flex e-con-boxed e-con e-parent\" data-id=\"2efa75a6\" data-element_type=\"container\">\n\t\t\t\t\t<div class=\"e-con-inner\">\n\t\t\t\t<div class=\"elementor-element elementor-element-75d1febd elementor-widget elementor-widget-google_maps\" data-id=\"75d1febd\" data-element_type=\"widget\" data-widget_type=\"google_maps.default\">\n\t\t\t\t<div class=\"elementor-widget-container\">\n\t\t\t\t\t\t\t<div class=\"elementor-custom-embed\">\n\t\t\t<iframe loading=\"lazy\"\n\t\t\t\t\tsrc=\"https:\/\/maps.google.com\/maps?q=Mersin%20Osmano%C4%9Flu%20Nakliyat%20%20Ye%C5%9Fil%C3%A7imen%2C%2033100%20Akdeniz%2FMersin&#038;t=m&#038;z=15&#038;output=embed&#038;iwloc=near\"\n\t\t\t\t\ttitle=\"Mersin Osmano\u011flu Nakliyat  Ye\u015fil\u00e7imen, 33100 Akdeniz\/Mersin\"\n\t\t\t\t\taria-label=\"Mersin Osmano\u011flu Nakliyat  Ye\u015fil\u00e7imen, 33100 Akdeniz\/Mersin\"\n\t\t\t><\/iframe>\n\t\t<\/div>\n\t\t\t\t\t\t<\/div>\n\t\t\t\t<\/div>\n\t\t\t\t\t<\/div>\n\t\t\t\t<\/div>\n\t\t<div class=\"elementor-element elementor-element-f099b66 e-flex e-con-boxed e-con e-parent\" data-id=\"f099b66\" data-element_type=\"container\" data-settings=\"{&quot;background_background&quot;:&quot;classic&quot;}\">\n\t\t\t\t\t<div class=\"e-con-inner\">\n\t\t<div class=\"elementor-element elementor-element-64f1dda6 e-con-full e-flex e-con e-child\" data-id=\"64f1dda6\" data-element_type=\"container\">\n\t\t\t\t<div class=\"elementor-element elementor-element-2a0934a5 elementor-widget elementor-widget-image\" data-id=\"2a0934a5\" data-element_type=\"widget\" data-widget_type=\"image.default\">\n\t\t\t\t<div class=\"elementor-widget-container\">\n\t\t\t\t\t\t\t\t\t\t\t\t<figure class=\"wp-caption\">\n\t\t\t\t\t\t\t\t\t\t<img loading=\"lazy\" decoding=\"async\" width=\"354\" height=\"95\" src=\"https:\/\/mersinosmanoglunakliyat.com\/wp-content\/uploads\/2025\/05\/osmanoglu-logo-site.png\" class=\"attachment-large size-large wp-image-9\" alt=\"\" srcset=\"https:\/\/mersinosmanoglunakliyat.com\/wp-content\/uploads\/2025\/05\/osmanoglu-logo-site.png 354w, https:\/\/mersinosmanoglunakliyat.com\/wp-content\/uploads\/2025\/05\/osmanoglu-logo-site-300x81.png 300w\" sizes=\"(max-width: 354px) 100vw, 354px\" \/>\t\t\t\t\t\t\t\t\t\t\t<figcaption class=\"widget-image-caption wp-caption-text\">firmam\u0131z m\u00fc\u015fteri \u0130htiya\u00e7lar\u0131na y\u00f6nelik \u00e7\u00f6z\u00fcm \u00f6nerileriyle sekt\u00f6rel deneyimini geli\u015ftirerek s\u00fcrd\u00fcrmektedir.<\/figcaption>\n\t\t\t\t\t\t\t\t\t\t<\/figure>\n\t\t\t\t\t\t\t\t\t<\/div>\n\t\t\t\t<\/div>\n\t\t\t\t<\/div>\n\t\t<div class=\"elementor-element elementor-element-440c11ed e-con-full e-flex e-con e-child\" data-id=\"440c11ed\" data-element_type=\"container\">\n\t\t\t\t<div class=\"elementor-element elementor-element-7e97a85a elementor-icon-list--layout-traditional elementor-list-item-link-full_width elementor-widget elementor-widget-icon-list\" data-id=\"7e97a85a\" data-element_type=\"widget\" data-widget_type=\"icon-list.default\">\n\t\t\t\t<div class=\"elementor-widget-container\">\n\t\t\t\t\t\t\t<ul class=\"elementor-icon-list-items\">\n\t\t\t\t\t\t\t<li class=\"elementor-icon-list-item\">\n\t\t\t\t\t\t\t\t\t\t<span class=\"elementor-icon-list-text\">\u0130LET\u0130\u015e\u0130M B\u0130LG\u0130LER\u0130<\/span>\n\t\t\t\t\t\t\t\t\t<\/li>\n\t\t\t\t\t\t<\/ul>\n\t\t\t\t\t\t<\/div>\n\t\t\t\t<\/div>\n\t\t\t\t<div class=\"elementor-element elementor-element-2b16b5a elementor-icon-list--layout-traditional elementor-list-item-link-full_width elementor-widget elementor-widget-icon-list\" data-id=\"2b16b5a\" data-element_type=\"widget\" data-widget_type=\"icon-list.default\">\n\t\t\t\t<div class=\"elementor-widget-container\">\n\t\t\t\t\t\t\t<ul class=\"elementor-icon-list-items\">\n\t\t\t\t\t\t\t<li class=\"elementor-icon-list-item\">\n\t\t\t\t\t\t\t\t\t\t\t<span class=\"elementor-icon-list-icon\">\n\t\t\t\t\t\t\t<svg aria-hidden=\"true\" class=\"e-font-icon-svg e-fas-map-marker-alt\" viewBox=\"0 0 384 512\" xmlns=\"http:\/\/www.w3.org\/2000\/svg\"><path d=\"M172.268 501.67C26.97 291.031 0 269.413 0 192 0 85.961 85.961 0 192 0s192 85.961 192 192c0 77.413-26.97 99.031-172.268 309.67-9.535 13.774-29.93 13.773-39.464 0zM192 272c44.183 0 80-35.817 80-80s-35.817-80-80-80-80 35.817-80 80 35.817 80 80 80z\"><\/path><\/svg>\t\t\t\t\t\t<\/span>\n\t\t\t\t\t\t\t\t\t\t<span class=\"elementor-icon-list-text\">Ye\u015fil\u00e7imen Mah. 4010 Sokak No.69\/A \u2013 Akdeniz \/ MERS\u0130N<\/span>\n\t\t\t\t\t\t\t\t\t<\/li>\n\t\t\t\t\t\t<\/ul>\n\t\t\t\t\t\t<\/div>\n\t\t\t\t<\/div>\n\t\t\t\t<div class=\"elementor-element elementor-element-b749a82 elementor-icon-list--layout-traditional elementor-list-item-link-full_width elementor-widget elementor-widget-icon-list\" data-id=\"b749a82\" data-element_type=\"widget\" data-widget_type=\"icon-list.default\">\n\t\t\t\t<div class=\"elementor-widget-container\">\n\t\t\t\t\t\t\t<ul class=\"elementor-icon-list-items\">\n\t\t\t\t\t\t\t<li class=\"elementor-icon-list-item\">\n\t\t\t\t\t\t\t\t\t\t<span class=\"elementor-icon-list-text\">KONTEYNER TA\u015eIMA OPERASYON <\/span>\n\t\t\t\t\t\t\t\t\t<\/li>\n\t\t\t\t\t\t<\/ul>\n\t\t\t\t\t\t<\/div>\n\t\t\t\t<\/div>\n\t\t\t\t<div class=\"elementor-element elementor-element-41812301 elementor-icon-list--layout-traditional elementor-list-item-link-full_width elementor-widget elementor-widget-icon-list\" data-id=\"41812301\" data-element_type=\"widget\" data-widget_type=\"icon-list.default\">\n\t\t\t\t<div class=\"elementor-widget-container\">\n\t\t\t\t\t\t\t<ul class=\"elementor-icon-list-items\">\n\t\t\t\t\t\t\t<li class=\"elementor-icon-list-item\">\n\t\t\t\t\t\t\t\t\t\t\t<span class=\"elementor-icon-list-icon\">\n\t\t\t\t\t\t\t<svg aria-hidden=\"true\" class=\"e-font-icon-svg e-fas-phone-alt\" viewBox=\"0 0 512 512\" xmlns=\"http:\/\/www.w3.org\/2000\/svg\"><path d=\"M497.39 361.8l-112-48a24 24 0 0 0-28 6.9l-49.6 60.6A370.66 370.66 0 0 1 130.6 204.11l60.6-49.6a23.94 23.94 0 0 0 6.9-28l-48-112A24.16 24.16 0 0 0 122.6.61l-104 24A24 24 0 0 0 0 48c0 256.5 207.9 464 464 464a24 24 0 0 0 23.4-18.6l24-104a24.29 24.29 0 0 0-14.01-27.6z\"><\/path><\/svg>\t\t\t\t\t\t<\/span>\n\t\t\t\t\t\t\t\t\t\t<span class=\"elementor-icon-list-text\">0532 274 07 76 - 0541 274 07 76<\/span>\n\t\t\t\t\t\t\t\t\t<\/li>\n\t\t\t\t\t\t<\/ul>\n\t\t\t\t\t\t<\/div>\n\t\t\t\t<\/div>\n\t\t\t\t<div class=\"elementor-element elementor-element-74a18a5 elementor-icon-list--layout-traditional elementor-list-item-link-full_width elementor-widget elementor-widget-icon-list\" data-id=\"74a18a5\" data-element_type=\"widget\" data-widget_type=\"icon-list.default\">\n\t\t\t\t<div class=\"elementor-widget-container\">\n\t\t\t\t\t\t\t<ul class=\"elementor-icon-list-items\">\n\t\t\t\t\t\t\t<li class=\"elementor-icon-list-item\">\n\t\t\t\t\t\t\t\t\t\t<span class=\"elementor-icon-list-text\">\u015eEH\u0130RLER ARASI KARGO Y\u00dcKLER\u0130 OPERASYON<\/span>\n\t\t\t\t\t\t\t\t\t<\/li>\n\t\t\t\t\t\t<\/ul>\n\t\t\t\t\t\t<\/div>\n\t\t\t\t<\/div>\n\t\t\t\t<div class=\"elementor-element elementor-element-57ee0c9 elementor-icon-list--layout-traditional elementor-list-item-link-full_width elementor-widget elementor-widget-icon-list\" data-id=\"57ee0c9\" data-element_type=\"widget\" data-widget_type=\"icon-list.default\">\n\t\t\t\t<div class=\"elementor-widget-container\">\n\t\t\t\t\t\t\t<ul class=\"elementor-icon-list-items\">\n\t\t\t\t\t\t\t<li class=\"elementor-icon-list-item\">\n\t\t\t\t\t\t\t\t\t\t\t<span class=\"elementor-icon-list-icon\">\n\t\t\t\t\t\t\t<svg aria-hidden=\"true\" class=\"e-font-icon-svg e-fas-phone-alt\" viewBox=\"0 0 512 512\" xmlns=\"http:\/\/www.w3.org\/2000\/svg\"><path d=\"M497.39 361.8l-112-48a24 24 0 0 0-28 6.9l-49.6 60.6A370.66 370.66 0 0 1 130.6 204.11l60.6-49.6a23.94 23.94 0 0 0 6.9-28l-48-112A24.16 24.16 0 0 0 122.6.61l-104 24A24 24 0 0 0 0 48c0 256.5 207.9 464 464 464a24 24 0 0 0 23.4-18.6l24-104a24.29 24.29 0 0 0-14.01-27.6z\"><\/path><\/svg>\t\t\t\t\t\t<\/span>\n\t\t\t\t\t\t\t\t\t\t<span class=\"elementor-icon-list-text\">0541 225 08 80<\/span>\n\t\t\t\t\t\t\t\t\t<\/li>\n\t\t\t\t\t\t<\/ul>\n\t\t\t\t\t\t<\/div>\n\t\t\t\t<\/div>\n\t\t\t\t<div class=\"elementor-element elementor-element-648b4f14 elementor-icon-list--layout-traditional elementor-list-item-link-full_width elementor-widget elementor-widget-icon-list\" data-id=\"648b4f14\" data-element_type=\"widget\" data-widget_type=\"icon-list.default\">\n\t\t\t\t<div class=\"elementor-widget-container\">\n\t\t\t\t\t\t\t<ul class=\"elementor-icon-list-items\">\n\t\t\t\t\t\t\t<li class=\"elementor-icon-list-item\">\n\t\t\t\t\t\t\t\t\t\t\t<span class=\"elementor-icon-list-icon\">\n\t\t\t\t\t\t\t<svg aria-hidden=\"true\" class=\"e-font-icon-svg e-fas-envelope\" viewBox=\"0 0 512 512\" xmlns=\"http:\/\/www.w3.org\/2000\/svg\"><path d=\"M502.3 190.8c3.9-3.1 9.7-.2 9.7 4.7V400c0 26.5-21.5 48-48 48H48c-26.5 0-48-21.5-48-48V195.6c0-5 5.7-7.8 9.7-4.7 22.4 17.4 52.1 39.5 154.1 113.6 21.1 15.4 56.7 47.8 92.2 47.6 35.7.3 72-32.8 92.3-47.6 102-74.1 131.6-96.3 154-113.7zM256 320c23.2.4 56.6-29.2 73.4-41.4 132.7-96.3 142.8-104.7 173.4-128.7 5.8-4.5 9.2-11.5 9.2-18.9v-19c0-26.5-21.5-48-48-48H48C21.5 64 0 85.5 0 112v19c0 7.4 3.4 14.3 9.2 18.9 30.6 23.9 40.7 32.4 173.4 128.7 16.8 12.2 50.2 41.8 73.4 41.4z\"><\/path><\/svg>\t\t\t\t\t\t<\/span>\n\t\t\t\t\t\t\t\t\t\t<span class=\"elementor-icon-list-text\">osmanoglunak@gmail.com<\/span>\n\t\t\t\t\t\t\t\t\t<\/li>\n\t\t\t\t\t\t<\/ul>\n\t\t\t\t\t\t<\/div>\n\t\t\t\t<\/div>\n\t\t\t\t<\/div>\n\t\t\t\t\t<\/div>\n\t\t\t\t<\/div>\n\t\t\t\t<\/div>\n\t\t","protected":false},"excerpt":{"rendered":"<p>Mersin Osmano\u011flu Nakliyat, m\u00fc\u015fterilerine iyi bir hizmet verebilmek i\u00e7in, ta\u015f\u0131mac\u0131l\u0131k sekt\u00f6r\u00fcnde e\u011fitimli uzman kadrosu ve geni\u015f ara\u00e7 filosuyla m\u00fc\u015fterilerinin ihtiyac\u0131na uygun \u00e7\u00f6z\u00fcmler sunar. firmam\u0131z m\u00fc\u015fteri \u0130htiya\u00e7lar\u0131na y\u00f6nelik \u00e7\u00f6z\u00fcm \u00f6nerileriyle sekt\u00f6rel deneyimini geli\u015ftirerek s\u00fcrd\u00fcrmektedir. \u0130LET\u0130\u015e\u0130M B\u0130LG\u0130LER\u0130 Ye\u015fil\u00e7imen Mah. 4010 Sokak No.69\/A \u2013 Akdeniz \/ MERS\u0130N KONTEYNER TA\u015eIMA OPERASYON 0532 274 07 76 &#8211; 0541 274 07 [&hellip;]<\/p>\n","protected":false},"author":1,"featured_media":0,"parent":0,"menu_order":0,"comment_status":"closed","ping_status":"closed","template":"elementor_header_footer","meta":{"footnotes":""},"class_list":["post-64","page","type-page","status-publish","hentry"],"_links":{"self":[{"href":"https:\/\/mersinosmanoglunakliyat.com\/index.php?rest_route=\/wp\/v2\/pages\/64","targetHints":{"allow":["GET"]}}],"collection":[{"href":"https:\/\/mersinosmanoglunakliyat.com\/index.php?rest_route=\/wp\/v2\/pages"}],"about":[{"href":"https:\/\/mersinosmanoglunakliyat.com\/index.php?rest_route=\/wp\/v2\/types\/page"}],"author":[{"embeddable":true,"href":"https:\/\/mersinosmanoglunakliyat.com\/index.php?rest_route=\/wp\/v2\/users\/1"}],"replies":[{"embeddable":true,"href":"https:\/\/mersinosmanoglunakliyat.com\/index.php?rest_route=%2Fwp%2Fv2%2Fcomments&post=64"}],"version-history":[{"count":220,"href":"https:\/\/mersinosmanoglunakliyat.com\/index.php?rest_route=\/wp\/v2\/pages\/64\/revisions"}],"predecessor-version":[{"id":548,"href":"https:\/\/mersinosmanoglunakliyat.com\/index.php?rest_route=\/wp\/v2\/pages\/64\/revisions\/548"}],"wp:attachment":[{"href":"https:\/\/mersinosmanoglunakliyat.com\/index.php?rest_route=%2Fwp%2Fv2%2Fmedia&parent=64"}],"curies":[{"name":"wp","href":"https:\/\/api.w.org\/{rel}","templated":true}]}}